{"id":1987,"date":"2023-12-15T20:35:50","date_gmt":"2023-12-15T19:35:50","guid":{"rendered":"https:\/\/www.apartmany-jedlova.cz\/?page_id=1987"},"modified":"2026-02-04T11:20:33","modified_gmt":"2026-02-04T10:20:33","slug":"contact","status":"publish","type":"page","link":"https:\/\/www.apartmany-jedlova.cz\/index.php\/en\/front-page-english\/contact\/","title":{"rendered":"CONTACT"},"content":{"rendered":"\t\t<div data-elementor-type=\"wp-page\" data-elementor-id=\"1987\" class=\"elementor elementor-1987\">\n\t\t\t\t\t\t\t\t\t<section class=\"elementor-section elementor-top-section elementor-element elementor-element-37898d28 elementor-section-boxed elementor-section-height-default elementor-section-height-default\" data-id=\"37898d28\" data-element_type=\"section\">\n\t\t\t\t\t\t<div class=\"elementor-container elementor-column-gap-default\">\n\t\t\t\t\t<div class=\"elementor-column elementor-col-100 elementor-top-column elementor-element elementor-element-18eb6d34\" data-id=\"18eb6d34\" data-element_type=\"column\">\n\t\t\t<div class=\"elementor-widget-wrap elementor-element-populated\">\n\t\t\t\t\t\t\t\t<div class=\"elementor-element elementor-element-619e8fe6 elementor-widget elementor-widget-text-editor\" data-id=\"619e8fe6\" data-element_type=\"widget\" data-widget_type=\"text-editor.default\">\n\t\t\t\t<div class=\"elementor-widget-container\">\n\t\t\t<style>\/*! elementor - v3.18.0 - 20-12-2023 *\/\n.elementor-widget-text-editor.elementor-drop-cap-view-stacked .elementor-drop-cap{background-color:#69727d;color:#fff}.elementor-widget-text-editor.elementor-drop-cap-view-framed .elementor-drop-cap{color:#69727d;border:3px solid;background-color:transparent}.elementor-widget-text-editor:not(.elementor-drop-cap-view-default) .elementor-drop-cap{margin-top:8px}.elementor-widget-text-editor:not(.elementor-drop-cap-view-default) .elementor-drop-cap-letter{width:1em;height:1em}.elementor-widget-text-editor .elementor-drop-cap{float:left;text-align:center;line-height:1;font-size:50px}.elementor-widget-text-editor .elementor-drop-cap-letter{display:inline-block}<\/style>\t\t\t\t<p style=\"text-align: center;\"><strong>CONTACT<\/strong><\/p><p style=\"text-align: center;\">Booking &#8211; (+420) 606 938 210<\/p><p style=\"text-align: center;\"><a href=\"mailto:nadrazi@apartmany-jedlova.cz\">nadrazi@apartmany-jedlova.cz<\/a><\/p><p style=\"text-align: center;\"><b>Radek \u0160mejkal<\/b><\/p><p style=\"text-align: center;\">Jedlov\u00e1 17, Ji\u0159et\u00edn pod Jedlovou 408 01<\/p><p><span lang=\"EN-US\" style=\"font-family: 'Helvetica',sans-serif; mso-ansi-language: EN-US;\">The most comfortable way to us leads by train! Train station Jedlov\u00e1 lies on the tracks 080 and 081 is well accessible from all directions \u2013 D\u011b\u010d\u00edn, \u010cesk\u00e1 L\u00edpa and Rumburk.<\/span><\/p><p><span lang=\"EN-US\" style=\"font-family: 'Helvetica',sans-serif; mso-ansi-language: EN-US;\">\u00a0<\/span><\/p><p style=\"text-align: center;\"><b>Car arrival<\/b><\/p><p data-path-to-node=\"2\">The station is located in the heart of the forest, approximately 2 km from road I\/9 (the \u0160\u00e9br hill). You can reach us via the forest road named &#8222;Pra\u017esk\u00e1.&#8220; Please note that this road is <span data-path-to-node=\"2\" data-index-in-node=\"185\">not suitable for standard passenger cars<\/span> due to the challenging terrain. During the winter months, the road is <span data-path-to-node=\"2\" data-index-in-node=\"296\">impassable<\/span>.<\/p><p data-path-to-node=\"3\">Alternatively, you can park your car at the <span data-path-to-node=\"3\" data-index-in-node=\"44\">Ch\u0159ibsk\u00e1, Rybni\u0161t\u011b, Kytlice, or Svor<\/span> railway stations and take a comfortable train ride to reach us.<\/p><p style=\"text-align: center;\"><strong>Directions:<\/strong><br \/>50\u00b050\u203233\u2033 N,<br \/>14\u00b034\u203213\u2033 E<\/p><p style=\"text-align: center;\"><iframe style=\"border: none;\" src=\"https:\/\/frame.mapy.cz\/s\/putumazana\" width=\"700\" height=\"466\" frameborder=\"0\"><\/iframe><\/p>\t\t\t\t\t\t<\/div>\n\t\t\t\t<\/div>\n\t\t\t\t\t<\/div>\n\t\t<\/div>\n\t\t\t\t\t\t\t<\/div>\n\t\t<\/section>\n\t\t\t\t\t\t\t<\/div>\n\t\t","protected":false},"excerpt":{"rendered":"<p>CONTACT Booking &#8211; (+420) 606 938 210 nadrazi@apartmany-jedlova.cz Radek \u0160mejkal Jedlov\u00e1 17, Ji\u0159et\u00edn pod Jedlovou 408 01 The most comfortable way to us leads by train! Train station Jedlov\u00e1 lies on the tracks 080 and 081 is well accessible from all directions \u2013 D\u011b\u010d\u00edn, \u010cesk\u00e1 L\u00edpa and Rumburk. \u00a0 Car arrival The station is located&hellip; <br \/> <a class=\"read-more\" href=\"https:\/\/www.apartmany-jedlova.cz\/index.php\/en\/front-page-english\/contact\/\">V\u00edce<\/a><\/p>\n","protected":false},"author":1,"featured_media":365,"parent":1635,"menu_order":0,"comment_status":"closed","ping_status":"closed","template":"","meta":{"footnotes":""},"aioseo_notices":[],"_links":{"self":[{"href":"https:\/\/www.apartmany-jedlova.cz\/index.php\/wp-json\/wp\/v2\/pages\/1987"}],"collection":[{"href":"https:\/\/www.apartmany-jedlova.cz\/index.php\/wp-json\/wp\/v2\/pages"}],"about":[{"href":"https:\/\/www.apartmany-jedlova.cz\/index.php\/wp-json\/wp\/v2\/types\/page"}],"author":[{"embeddable":true,"href":"https:\/\/www.apartmany-jedlova.cz\/index.php\/wp-json\/wp\/v2\/users\/1"}],"replies":[{"embeddable":true,"href":"https:\/\/www.apartmany-jedlova.cz\/index.php\/wp-json\/wp\/v2\/comments?post=1987"}],"version-history":[{"count":12,"href":"https:\/\/www.apartmany-jedlova.cz\/index.php\/wp-json\/wp\/v2\/pages\/1987\/revisions"}],"predecessor-version":[{"id":2911,"href":"https:\/\/www.apartmany-jedlova.cz\/index.php\/wp-json\/wp\/v2\/pages\/1987\/revisions\/2911"}],"up":[{"embeddable":true,"href":"https:\/\/www.apartmany-jedlova.cz\/index.php\/wp-json\/wp\/v2\/pages\/1635"}],"wp:featuredmedia":[{"embeddable":true,"href":"https:\/\/www.apartmany-jedlova.cz\/index.php\/wp-json\/wp\/v2\/media\/365"}],"wp:attachment":[{"href":"https:\/\/www.apartmany-jedlova.cz\/index.php\/wp-json\/wp\/v2\/media?parent=1987"}],"curies":[{"name":"wp","href":"https:\/\/api.w.org\/{rel}","templated":true}]}}